{"id":5766,"date":"2024-10-21T20:35:44","date_gmt":"2024-10-21T17:35:44","guid":{"rendered":"https:\/\/faberpet.ro\/stage\/produs\/ectocid-p-forte-isecticid-concentrat-100-ml\/"},"modified":"2025-08-05T11:08:04","modified_gmt":"2025-08-05T09:08:04","slug":"ectocid-p-forte-isecticid-concentrat-100-ml","status":"publish","type":"product","link":"https:\/\/faberpet.ro\/stage\/produs\/ectocid-p-forte-isecticid-concentrat-100-ml\/","title":{"rendered":"Ectocid P Forte isecticid concentrat 100 ml"},"content":{"rendered":"<p>Propriet\u0103\u021bi: Se utilizeaz\u0103 pentru combaterea insectelor zbur\u0103toare \u015fi t\u00e2r\u00e2toare, pentru dezinsec\u0163ia cl\u0103dirilor, vehiculelor publice, cl\u0103dirilor industriale, magazinelor \u015fi a ad\u0103posturilor, spa\u0163iilor destinate pentru cre\u015fterea animalelor. Produsul nu se aplic\u0103 \u00een zona de activitate a albinelor.<\/p>\n<p>Mod de utilizare: Produsul diluat trebuie pulverizat cu pompe de presiune pe suprafe\u0163ele ce urmeaz\u0103 a fi tratate. Uzual se utilizeaz\u0103 dilu\u0163ii de 1- 2 % (100- 200 ml produs diluat \u00een 10 litri de ap\u0103) cu o rat\u0103 de aplicare de 50 ml solu\u0163ie diluat\u0103\/mp. \u00cen cazul infest\u0103rilor puternice: concentra\u0163ia se m\u0103re\u015fte la 3- 4 % (300- 400 ml produs diluat \u00een 10 litri de ap\u0103) cu o rat\u0103 de aplicare de 50 ml solu\u0163ie diluat\u0103\/mp. Se evit\u0103 aplicarea solu\u0163iei preparate pe suprafe\u0163e proasp\u0103t v\u0103ruite. Amestecul preparat se folose\u015fte \u00een cursul zilei respective. A se evita contactul cu suprafe\u0163ele proasp\u0103t stropite \u015fi \u00eenc\u0103 umede. \u00cenainte de refolosin\u0163\u0103, spa\u0163iile se aerisesc temeinic. A nu se da pe suprafe\u021bele ce vin \u00een contact direct cu animalele, hrana pentru animale \u0219i produsele de origine animal\u0103. Nu se aplica \u00een zona de activitate a albinelor. Utiliza\u021bi \u00een siguran\u021b\u0103 produsele biocide. Citi\u021bi \u00eentotdeauna eticheta \u0219i informa\u021biile despre produs \u00eenainte de utilizare. Ingrediente:100 ml produs con\u0163ine substan\u0163\u0103 activ\u0103: 4 % CYPERMETRIN nr. CAS 52315- 07- 8, NR. CE 257- 842- 9. 2 % PERMETRIN\u0102 nr. CAS 52645- 53- 1, nr. CE 258 &#8211; 067- 9. 5 % PIPERONILBUTOXID nr. CAS 51- 03- 6, nr. CE 200- 076- 7. 0. 1% PRALLETHRIN nr. CAS 23031- 36- 9, nr. CE 245- 387- 9.<\/p>\n<p>Precau\u021bii: PERICOLE: H225 \u2013 Lichid \u015fi vapori foarte inflamabili. H302 \u2013 Nociv \u00een caz de \u00eenghi\u0163ire. H315 \u2013 Provoac\u0103 iritarea pielii. H319 \u2013 Provoac\u0103 o iritare grav\u0103 a ochilor. H332 \u2013 Nociv \u00een caz de inhalare. H410 \u2013 Foarte toxic pentru mediul acvatic cu efecte pe termen lung. PRECAU\u0162II:P261 \u2013 Evita\u0163i s\u0103 inspira\u0163i vaporii, aerosolii. P262 \u2013 Evita\u0163i contactul cu ochii, pielea sau imbr\u0103c\u0103mintea. P270 \u2013 A nu se m\u00e2nca, bea sau fuma \u00een timpul utiliz\u0103rii produsului. P271 \u2013 A se utiliza numai \u00een aer liber sau \u00een spa\u0163ii bine ventilate. P273 \u2013 Evita\u0163i dispersarea \u00een mediu. P280 \u2013 Purta\u0163i m\u0103nu\u015fi de protec\u0163ie si echipament de protec\u0163ie a ochilor, fe\u0163ei. P337 + P313 &#8211; Dac\u0103 iritarea ochilor persist\u0103: consulta\u0163i medicul. P391 \u2013 Colecta\u0163i scurgerile de produs. P501 \u2013 Elimina\u021bi con\u021binutul\/recipientul la o unitate autorizat\u0103 pentru colectarea de\u0219eurilor. P301+P312 \u2013 \u00cen caz de inghi\u0163ire suna\u0163i la un CENTRU DE INFORMARE TOXICOLOGIC\u0102 sau un medic, dac\u0103 nu v\u0103 simti\u0163i bine.<\/p>\n<p>Prezentare:100 ml<\/p>\n","protected":false},"excerpt":{"rendered":"<p>Propriet\u0103\u021bi: Se utilizeaz\u0103 pentru combaterea insectelor zbur\u0103toare \u015fi t\u00e2r\u00e2toare, pentru dezinsec\u0163ia cl\u0103dirilor, vehiculelor publice, cl\u0103dirilor industriale, magazinelor \u015fi a ad\u0103posturilor, spa\u0163iilor destinate pentru cre\u015fterea animalelor. Produsul nu se aplic\u0103 \u00een zona de activitate a albinelor. Mod de utilizare: Produsul diluat trebuie pulverizat cu pompe de presiune pe suprafe\u0163ele ce urmeaz\u0103 a fi tratate. Uzual se [&hellip;]<\/p>\n","protected":false},"featured_media":10785,"template":"","meta":[],"product_brand":[],"product_cat":[2616],"product_tag":[2639,2645,2640],"class_list":{"0":"post-5766","1":"product","2":"type-product","3":"status-publish","4":"has-post-thumbnail","6":"product_cat-insecticide-si-raticide","7":"product_tag-activitate-insecticida","8":"product_tag-ectocid-forte","9":"product_tag-isecticid-concentrat","11":"first","12":"instock","13":"shipping-taxable","14":"purchasable","15":"product-type-simple"},"_links":{"self":[{"href":"https:\/\/faberpet.ro\/stage\/wp-json\/wp\/v2\/product\/5766","targetHints":{"allow":["GET"]}}],"collection":[{"href":"https:\/\/faberpet.ro\/stage\/wp-json\/wp\/v2\/product"}],"about":[{"href":"https:\/\/faberpet.ro\/stage\/wp-json\/wp\/v2\/types\/product"}],"wp:featuredmedia":[{"embeddable":true,"href":"https:\/\/faberpet.ro\/stage\/wp-json\/wp\/v2\/media\/10785"}],"wp:attachment":[{"href":"https:\/\/faberpet.ro\/stage\/wp-json\/wp\/v2\/media?parent=5766"}],"wp:term":[{"taxonomy":"product_brand","embeddable":true,"href":"https:\/\/faberpet.ro\/stage\/wp-json\/wp\/v2\/product_brand?post=5766"},{"taxonomy":"product_cat","embeddable":true,"href":"https:\/\/faberpet.ro\/stage\/wp-json\/wp\/v2\/product_cat?post=5766"},{"taxonomy":"product_tag","embeddable":true,"href":"https:\/\/faberpet.ro\/stage\/wp-json\/wp\/v2\/product_tag?post=5766"}],"curies":[{"name":"wp","href":"https:\/\/api.w.org\/{rel}","templated":true}]}}