{"id":5768,"date":"2024-10-21T20:35:44","date_gmt":"2024-10-21T17:35:44","guid":{"rendered":"https:\/\/faberpet.ro\/stage\/produs\/herba-treat-antioxidant-ptr-caini-si-pisici-200-ml\/"},"modified":"2025-08-27T07:59:43","modified_gmt":"2025-08-27T05:59:43","slug":"herba-treat-antioxidant-ptr-caini-si-pisici-200-ml","status":"publish","type":"product","link":"https:\/\/faberpet.ro\/stage\/produs\/herba-treat-antioxidant-ptr-caini-si-pisici-200-ml\/","title":{"rendered":"Herba-Treat Antioxidant ptr. caini si pisici 200 ml"},"content":{"rendered":"<p>Propriet\u0103\u021bi: &#8211; tinctur\u0103 cu un con\u021binut ridicat de antioxidan\u021bi \u0219i nutrien\u021bi esen\u021biali pentru animalele de companie care au probleme neurologice;- are rol \u00een detoxifierea organismului, contribuind la fortificarea \u00eentregului organism;- sus\u021bine func\u021bia mental\u0103 \u0219i reduce \u00eemb\u0103tr\u00e2nirea celulelor;- ajut\u0103 \u00een recuperare dup\u0103 anumite patologii;- este recomandat \u0219i pentru animalele \u00een v\u00e2rst\u0103. Mod de utilizare:Se administreaz\u0103 pe cale oral\u0103, diluat \u00een ap\u0103 de b\u0103ut, timp de 7- 10 zile, \u00een urm\u0103toarele doze: 1- 2 ml\/10 kg. Ingrediente:Hippophae rhamnoides (c\u0103tin\u0103), Rosa canina (m\u0103ce\u0219e), Calendula officinalis (g\u0103lbenele), Artemisia annua(pelini\u021b\u0103). Precau\u021bii:A nu se l\u0103sa la \u00eendem\u00e2na copiilor. A nu se refolosi flaconul dup\u0103 golire. Prezentare:200 ml<\/p>\n","protected":false},"excerpt":{"rendered":"<p>Propriet\u0103\u021bi: &#8211; tinctur\u0103 cu un con\u021binut ridicat de antioxidan\u021bi \u0219i nutrien\u021bi esen\u021biali pentru animalele de companie care au probleme neurologice;- are rol \u00een detoxifierea organismului, contribuind la fortificarea \u00eentregului organism;- sus\u021bine func\u021bia mental\u0103 \u0219i reduce \u00eemb\u0103tr\u00e2nirea celulelor;- ajut\u0103 \u00een recuperare dup\u0103 anumite patologii;- este recomandat \u0219i pentru animalele \u00een v\u00e2rst\u0103. Mod de utilizare:Se administreaz\u0103 pe [&hellip;]<\/p>\n","protected":false},"featured_media":10787,"template":"","meta":[],"product_brand":[],"product_cat":[168,169,172,171,184,185],"product_tag":[2646,2647,2648],"class_list":{"0":"post-5768","1":"product","2":"type-product","3":"status-publish","4":"has-post-thumbnail","6":"product_cat-caini","7":"product_cat-ingrijire-caini","8":"product_cat-ingrijire-pisici","9":"product_cat-pisici","10":"product_cat-suplimente-si-vitamine","11":"product_cat-suplimente-si-vitamine-ingrijire-pisici","12":"product_tag-antioxidant-pentru-caini","13":"product_tag-antioxidant-pentru-pisici","14":"product_tag-herba-treat-antioxidant","16":"first","17":"instock","18":"shipping-taxable","19":"purchasable","20":"product-type-simple"},"_links":{"self":[{"href":"https:\/\/faberpet.ro\/stage\/wp-json\/wp\/v2\/product\/5768","targetHints":{"allow":["GET"]}}],"collection":[{"href":"https:\/\/faberpet.ro\/stage\/wp-json\/wp\/v2\/product"}],"about":[{"href":"https:\/\/faberpet.ro\/stage\/wp-json\/wp\/v2\/types\/product"}],"wp:featuredmedia":[{"embeddable":true,"href":"https:\/\/faberpet.ro\/stage\/wp-json\/wp\/v2\/media\/10787"}],"wp:attachment":[{"href":"https:\/\/faberpet.ro\/stage\/wp-json\/wp\/v2\/media?parent=5768"}],"wp:term":[{"taxonomy":"product_brand","embeddable":true,"href":"https:\/\/faberpet.ro\/stage\/wp-json\/wp\/v2\/product_brand?post=5768"},{"taxonomy":"product_cat","embeddable":true,"href":"https:\/\/faberpet.ro\/stage\/wp-json\/wp\/v2\/product_cat?post=5768"},{"taxonomy":"product_tag","embeddable":true,"href":"https:\/\/faberpet.ro\/stage\/wp-json\/wp\/v2\/product_tag?post=5768"}],"curies":[{"name":"wp","href":"https:\/\/api.w.org\/{rel}","templated":true}]}}