{"id":5769,"date":"2024-10-21T20:35:44","date_gmt":"2024-10-21T17:35:44","guid":{"rendered":"https:\/\/faberpet.ro\/stage\/produs\/herba-treat-antialergic-ptr-caini-si-pisici-200-ml\/"},"modified":"2025-08-27T07:59:55","modified_gmt":"2025-08-27T05:59:55","slug":"herba-treat-antialergic-ptr-caini-si-pisici-200-ml","status":"publish","type":"product","link":"https:\/\/faberpet.ro\/stage\/produs\/herba-treat-antialergic-ptr-caini-si-pisici-200-ml\/","title":{"rendered":"Herba-Treat Antialergic ptr. caini si pisici 200 ml"},"content":{"rendered":"<p>Propriet\u0103\u021bi: &#8211; tinctur\u0103 uz extern : antialergic, antipruriginos, antiinflamator uz intern: elimin\u0103 reac\u021biile alergice alimentare, eczemele, urticariile;- ajut\u0103 la tratarea rinitei \u0219i a astmului alergic, contribuind la decongestionarea c\u0103ilor respiratorii, facilit\u00e2nd respira\u021bia;- are rol \u00een reducerea discomfortului datorat factorilor de natur\u0103 alergic\u0103. Mod de utilizare:Se administreaz\u0103 pe cale oral\u0103, diluat \u00een ap\u0103 de b\u0103ut, timp de 7- 10 zile, \u00een urm\u0103toarele doze: 1- 2 ml\/10 kg. Ingrediente:Viola tricolor(Trei fra\u021bi p\u0103ta\u021bi), Urtica dioica (Urzic\u0103 frunze), Juglans regia (Nuc frunze); Taraxacum officinale (P\u0103p\u0103die) , Agrimonia eupatoria (Turi\u021b\u0103 mare), Glycyrrhiza glabra (Lemn dulce), Ononis spinosa L. (Osul iepurelui) r\u0103d\u0103cin\u0103. Precau\u021bii:A nu se l\u0103sa la \u00eendem\u00e2na copiilor. A nu se refolosi flaconul dup\u0103 golire. Prezentare:200 ml<\/p>\n","protected":false},"excerpt":{"rendered":"<p>Propriet\u0103\u021bi: &#8211; tinctur\u0103 uz extern : antialergic, antipruriginos, antiinflamator uz intern: elimin\u0103 reac\u021biile alergice alimentare, eczemele, urticariile;- ajut\u0103 la tratarea rinitei \u0219i a astmului alergic, contribuind la decongestionarea c\u0103ilor respiratorii, facilit\u00e2nd respira\u021bia;- are rol \u00een reducerea discomfortului datorat factorilor de natur\u0103 alergic\u0103. Mod de utilizare:Se administreaz\u0103 pe cale oral\u0103, diluat \u00een ap\u0103 de b\u0103ut, timp [&hellip;]<\/p>\n","protected":false},"featured_media":10788,"template":"","meta":[],"product_brand":[],"product_cat":[168,169,172,171,184,185],"product_tag":[2649,2650,2651],"class_list":{"0":"post-5769","1":"product","2":"type-product","3":"status-publish","4":"has-post-thumbnail","6":"product_cat-caini","7":"product_cat-ingrijire-caini","8":"product_cat-ingrijire-pisici","9":"product_cat-pisici","10":"product_cat-suplimente-si-vitamine","11":"product_cat-suplimente-si-vitamine-ingrijire-pisici","12":"product_tag-antialergic-pentru-caini","13":"product_tag-antialergic-pentru-pisici","14":"product_tag-herba-treat-antialergic","16":"first","17":"instock","18":"shipping-taxable","19":"purchasable","20":"product-type-simple"},"_links":{"self":[{"href":"https:\/\/faberpet.ro\/stage\/wp-json\/wp\/v2\/product\/5769","targetHints":{"allow":["GET"]}}],"collection":[{"href":"https:\/\/faberpet.ro\/stage\/wp-json\/wp\/v2\/product"}],"about":[{"href":"https:\/\/faberpet.ro\/stage\/wp-json\/wp\/v2\/types\/product"}],"wp:featuredmedia":[{"embeddable":true,"href":"https:\/\/faberpet.ro\/stage\/wp-json\/wp\/v2\/media\/10788"}],"wp:attachment":[{"href":"https:\/\/faberpet.ro\/stage\/wp-json\/wp\/v2\/media?parent=5769"}],"wp:term":[{"taxonomy":"product_brand","embeddable":true,"href":"https:\/\/faberpet.ro\/stage\/wp-json\/wp\/v2\/product_brand?post=5769"},{"taxonomy":"product_cat","embeddable":true,"href":"https:\/\/faberpet.ro\/stage\/wp-json\/wp\/v2\/product_cat?post=5769"},{"taxonomy":"product_tag","embeddable":true,"href":"https:\/\/faberpet.ro\/stage\/wp-json\/wp\/v2\/product_tag?post=5769"}],"curies":[{"name":"wp","href":"https:\/\/api.w.org\/{rel}","templated":true}]}}