{"id":5770,"date":"2024-10-21T20:35:45","date_gmt":"2024-10-21T17:35:45","guid":{"rendered":"https:\/\/faberpet.ro\/stage\/produs\/herba-treat-antistres-ptr-caini-si-pisici-200-ml\/"},"modified":"2025-08-27T08:00:07","modified_gmt":"2025-08-27T06:00:07","slug":"herba-treat-antistres-ptr-caini-si-pisici-200-ml","status":"publish","type":"product","link":"https:\/\/faberpet.ro\/stage\/produs\/herba-treat-antistres-ptr-caini-si-pisici-200-ml\/","title":{"rendered":"Herba-Treat Antistres ptr. caini si pisici 200 ml"},"content":{"rendered":"<p>Propriet\u0103\u021bi: &#8211; are propriet\u0103\u021bi care sus\u021bin sistemul nervos \u0219i func\u021bia psihic\u0103, contribuind la gestionarea situa\u021biilor stresante;- cre\u0219te capacitatea de adaptare la condi\u021biile schimb\u0103toare de mediu, sus\u021bine o bun\u0103 dispozi\u021bie, \u00eembun\u0103t\u0103\u021bind calitatea somnului;- ajut\u0103 animalul s\u0103 se relaxeze \u0219i s\u0103 r\u0103m\u00e2n\u0103 calm \u00een situa\u021bii stresante, favoriz\u00e2nd recuperarea corpului dup\u0103 perioade stresante;- reduce nivelul radicalilor liberi \u0219i a altor factori de stres care pot duce inflama\u021bii \u00een organisme. Mod de utilizare:Se administreaz\u0103 pe cale oral\u0103, diluat \u00een ap\u0103 de b\u0103ut, timp de 7- 10 zile, \u00een urm\u0103toarele doze: 1- 2 ml\/10 kg. Ingrediente:Radix valerianae (r\u0103d\u0103cin\u0103 de valerian\u0103), Melissa officinalis (roini\u021b\u0103), Salvia officinalis (salvie), Hypericum perforatum (sun\u0103toare), Humulus lupus (hamei), Acorus calamus (obligean\u0103), Viscum album (v\u00e2sc), Primula veris (ciubu\u021bica cucului). Precau\u021bii:A nu se l\u0103sa la \u00eendem\u00e2na copiilor. A nu se refolosi flaconul dup\u0103 golire. Prezentare:200 ml<\/p>\n","protected":false},"excerpt":{"rendered":"<p>Propriet\u0103\u021bi: &#8211; are propriet\u0103\u021bi care sus\u021bin sistemul nervos \u0219i func\u021bia psihic\u0103, contribuind la gestionarea situa\u021biilor stresante;- cre\u0219te capacitatea de adaptare la condi\u021biile schimb\u0103toare de mediu, sus\u021bine o bun\u0103 dispozi\u021bie, \u00eembun\u0103t\u0103\u021bind calitatea somnului;- ajut\u0103 animalul s\u0103 se relaxeze \u0219i s\u0103 r\u0103m\u00e2n\u0103 calm \u00een situa\u021bii stresante, favoriz\u00e2nd recuperarea corpului dup\u0103 perioade stresante;- reduce nivelul radicalilor liberi \u0219i [&hellip;]<\/p>\n","protected":false},"featured_media":10789,"template":"","meta":[],"product_brand":[],"product_cat":[168,169,172,171,184,185],"product_tag":[2652,2653,2654],"class_list":{"0":"post-5770","1":"product","2":"type-product","3":"status-publish","4":"has-post-thumbnail","6":"product_cat-caini","7":"product_cat-ingrijire-caini","8":"product_cat-ingrijire-pisici","9":"product_cat-pisici","10":"product_cat-suplimente-si-vitamine","11":"product_cat-suplimente-si-vitamine-ingrijire-pisici","12":"product_tag-antistres-pentru-caini","13":"product_tag-antistres-pentru-pisici","14":"product_tag-herba-treat-antistres","16":"first","17":"instock","18":"shipping-taxable","19":"purchasable","20":"product-type-simple"},"_links":{"self":[{"href":"https:\/\/faberpet.ro\/stage\/wp-json\/wp\/v2\/product\/5770","targetHints":{"allow":["GET"]}}],"collection":[{"href":"https:\/\/faberpet.ro\/stage\/wp-json\/wp\/v2\/product"}],"about":[{"href":"https:\/\/faberpet.ro\/stage\/wp-json\/wp\/v2\/types\/product"}],"wp:featuredmedia":[{"embeddable":true,"href":"https:\/\/faberpet.ro\/stage\/wp-json\/wp\/v2\/media\/10789"}],"wp:attachment":[{"href":"https:\/\/faberpet.ro\/stage\/wp-json\/wp\/v2\/media?parent=5770"}],"wp:term":[{"taxonomy":"product_brand","embeddable":true,"href":"https:\/\/faberpet.ro\/stage\/wp-json\/wp\/v2\/product_brand?post=5770"},{"taxonomy":"product_cat","embeddable":true,"href":"https:\/\/faberpet.ro\/stage\/wp-json\/wp\/v2\/product_cat?post=5770"},{"taxonomy":"product_tag","embeddable":true,"href":"https:\/\/faberpet.ro\/stage\/wp-json\/wp\/v2\/product_tag?post=5770"}],"curies":[{"name":"wp","href":"https:\/\/api.w.org\/{rel}","templated":true}]}}