{"id":5772,"date":"2024-10-21T20:35:45","date_gmt":"2024-10-21T17:35:45","guid":{"rendered":"https:\/\/faberpet.ro\/stage\/produs\/herba-treat-imuno-ptr-caini-si-pisici-200-ml\/"},"modified":"2025-08-27T08:00:25","modified_gmt":"2025-08-27T06:00:25","slug":"herba-treat-imuno-ptr-caini-si-pisici-200-ml","status":"publish","type":"product","link":"https:\/\/faberpet.ro\/stage\/produs\/herba-treat-imuno-ptr-caini-si-pisici-200-ml\/","title":{"rendered":"Herba-Treat Imuno ptr. caini si pisici 200 ml"},"content":{"rendered":"<p>Propriet\u0103\u021bi: &#8211; con\u0163ine extract de plante medicinale care au propriet\u0103\u0163i \u00een \u00eent\u0103rirea sistemului imunitar, imunostimulatoare, cresc\u00e2nd imunitatea nespecific\u0103 a organismului, stimul\u00e2nd activitatea hepatobiliar\u0103, depurativ\u0103, \u00een cre\u015fterea rezisten\u0163ei organismului fa\u0163\u0103 de diferite afec\u0163iuni bacteriene, virale, micotice sau parazitare, scurt\u00e2nd convalescen\u0163a;- se recomand\u0103 folosirea la c\u00e2ini \u0219i pisici. Mod de utilizare:Se administreaz\u0103 pe cale oral\u0103, diluat \u00een ap\u0103 de b\u0103ut, timp de 7- 10 zile, \u00een urm\u0103toarele doze: 1- 2 ml\/10 kg. Ingrediente:Lamium (urzic\u0103 moart\u0103 alb\u0103)\u2022Echinaceea (echinacea), Calendula officinalis (g\u0103lbenele), Achillea millefolium (coada \u0219oricelului), Solidago virgaurea (splinu\u021b\u0103), Eupatoria cannabium (c\u00e2nepa codrului)\u2022Hippophae rhamnoides (c\u0103tin\u0103 fructe m\u0103cinate), Artemisia annua (pelini\u021b\u0103), Allium sativum (usturoi). Precau\u021bii:A nu se l\u0103sa la \u00eendem\u00e2na copiilor. A nu se refolosi flaconul dup\u0103 golire. Prezentare:200 ml<\/p>\n","protected":false},"excerpt":{"rendered":"<p>Propriet\u0103\u021bi: &#8211; con\u0163ine extract de plante medicinale care au propriet\u0103\u0163i \u00een \u00eent\u0103rirea sistemului imunitar, imunostimulatoare, cresc\u00e2nd imunitatea nespecific\u0103 a organismului, stimul\u00e2nd activitatea hepatobiliar\u0103, depurativ\u0103, \u00een cre\u015fterea rezisten\u0163ei organismului fa\u0163\u0103 de diferite afec\u0163iuni bacteriene, virale, micotice sau parazitare, scurt\u00e2nd convalescen\u0163a;- se recomand\u0103 folosirea la c\u00e2ini \u0219i pisici. Mod de utilizare:Se administreaz\u0103 pe cale oral\u0103, diluat \u00een [&hellip;]<\/p>\n","protected":false},"featured_media":10791,"template":"","meta":[],"product_brand":[],"product_cat":[168,169,172,171,184,185],"product_tag":[2660,2658,2659],"class_list":{"0":"post-5772","1":"product","2":"type-product","3":"status-publish","4":"has-post-thumbnail","6":"product_cat-caini","7":"product_cat-ingrijire-caini","8":"product_cat-ingrijire-pisici","9":"product_cat-pisici","10":"product_cat-suplimente-si-vitamine","11":"product_cat-suplimente-si-vitamine-ingrijire-pisici","12":"product_tag-herba-treat-imuno","13":"product_tag-imuno-pentru-caini","14":"product_tag-imuno-pentru-pisici","16":"first","17":"instock","18":"shipping-taxable","19":"purchasable","20":"product-type-simple"},"_links":{"self":[{"href":"https:\/\/faberpet.ro\/stage\/wp-json\/wp\/v2\/product\/5772","targetHints":{"allow":["GET"]}}],"collection":[{"href":"https:\/\/faberpet.ro\/stage\/wp-json\/wp\/v2\/product"}],"about":[{"href":"https:\/\/faberpet.ro\/stage\/wp-json\/wp\/v2\/types\/product"}],"wp:featuredmedia":[{"embeddable":true,"href":"https:\/\/faberpet.ro\/stage\/wp-json\/wp\/v2\/media\/10791"}],"wp:attachment":[{"href":"https:\/\/faberpet.ro\/stage\/wp-json\/wp\/v2\/media?parent=5772"}],"wp:term":[{"taxonomy":"product_brand","embeddable":true,"href":"https:\/\/faberpet.ro\/stage\/wp-json\/wp\/v2\/product_brand?post=5772"},{"taxonomy":"product_cat","embeddable":true,"href":"https:\/\/faberpet.ro\/stage\/wp-json\/wp\/v2\/product_cat?post=5772"},{"taxonomy":"product_tag","embeddable":true,"href":"https:\/\/faberpet.ro\/stage\/wp-json\/wp\/v2\/product_tag?post=5772"}],"curies":[{"name":"wp","href":"https:\/\/api.w.org\/{rel}","templated":true}]}}