{"id":5773,"date":"2024-10-21T20:35:45","date_gmt":"2024-10-21T17:35:45","guid":{"rendered":"https:\/\/faberpet.ro\/stage\/produs\/herba-treat-blana-ptr-caini-si-pisici-200-ml\/"},"modified":"2025-08-27T08:00:39","modified_gmt":"2025-08-27T06:00:39","slug":"herba-treat-blana-ptr-caini-si-pisici-200-ml","status":"publish","type":"product","link":"https:\/\/faberpet.ro\/stage\/produs\/herba-treat-blana-ptr-caini-si-pisici-200-ml\/","title":{"rendered":"Herba-Treat Blana ptr caini si pisici 200 ml"},"content":{"rendered":"<p>Propriet\u0103\u021bi: &#8211; tinctura cu compozi\u021bie natural\u0103 pentru c\u00e2ini \u0219i pisici de toate rasele \u0219i v\u00e2rstele, reduce irita\u021bile pielii \u0219i simptomele provocate de alergii;- are efect asupra p\u0103rului gras, a m\u0103tre\u021bii \u0219i a m\u00e2nc\u0103rimii, men\u021bin\u00e2nd p\u0103rul s\u0103n\u0103tos;- tonic pentru piele, hr\u0103ne\u0219te firele de p\u0103r, ajut\u0103 la reducerea transpira\u021biei excesive;- are propriet\u0103\u021bi antiseptice, antibacteriene, antifungice, astringente \u0219i antiinflamatoare. Mod de utilizare:Se administreaz\u0103 pe cale oral\u0103, diluat \u00een ap\u0103 de b\u0103ut, timp de 7- 10 zile, \u00een urm\u0103toarele doze: 1- 2 ml\/10 kg. Ingrediente:Betula (mesteac\u0103n), Urtica dioica (urzic\u0103 frunze), Salvia officinalis (salvie), , Salix alba (coaja de salcie), Juglans regia (nuc frunze). Precau\u021bii:A nu se l\u0103sa la \u00eendem\u00e2na copiilor. A nu se refolosi flaconul dup\u0103 golire. Prezentare:200 ml<\/p>\n","protected":false},"excerpt":{"rendered":"<p>Propriet\u0103\u021bi: &#8211; tinctura cu compozi\u021bie natural\u0103 pentru c\u00e2ini \u0219i pisici de toate rasele \u0219i v\u00e2rstele, reduce irita\u021bile pielii \u0219i simptomele provocate de alergii;- are efect asupra p\u0103rului gras, a m\u0103tre\u021bii \u0219i a m\u00e2nc\u0103rimii, men\u021bin\u00e2nd p\u0103rul s\u0103n\u0103tos;- tonic pentru piele, hr\u0103ne\u0219te firele de p\u0103r, ajut\u0103 la reducerea transpira\u021biei excesive;- are propriet\u0103\u021bi antiseptice, antibacteriene, antifungice, astringente \u0219i [&hellip;]<\/p>\n","protected":false},"featured_media":10792,"template":"","meta":[],"product_brand":[],"product_cat":[168,169,172,171,185,184],"product_tag":[2663,2661,2662],"class_list":{"0":"post-5773","1":"product","2":"type-product","3":"status-publish","4":"has-post-thumbnail","6":"product_cat-caini","7":"product_cat-ingrijire-caini","8":"product_cat-ingrijire-pisici","9":"product_cat-pisici","10":"product_cat-suplimente-si-vitamine-ingrijire-pisici","11":"product_cat-suplimente-si-vitamine","12":"product_tag-herba-treat-blana","13":"product_tag-pentru-blana-caini","14":"product_tag-pentru-blana-pisici","16":"first","17":"instock","18":"shipping-taxable","19":"purchasable","20":"product-type-simple"},"_links":{"self":[{"href":"https:\/\/faberpet.ro\/stage\/wp-json\/wp\/v2\/product\/5773","targetHints":{"allow":["GET"]}}],"collection":[{"href":"https:\/\/faberpet.ro\/stage\/wp-json\/wp\/v2\/product"}],"about":[{"href":"https:\/\/faberpet.ro\/stage\/wp-json\/wp\/v2\/types\/product"}],"wp:featuredmedia":[{"embeddable":true,"href":"https:\/\/faberpet.ro\/stage\/wp-json\/wp\/v2\/media\/10792"}],"wp:attachment":[{"href":"https:\/\/faberpet.ro\/stage\/wp-json\/wp\/v2\/media?parent=5773"}],"wp:term":[{"taxonomy":"product_brand","embeddable":true,"href":"https:\/\/faberpet.ro\/stage\/wp-json\/wp\/v2\/product_brand?post=5773"},{"taxonomy":"product_cat","embeddable":true,"href":"https:\/\/faberpet.ro\/stage\/wp-json\/wp\/v2\/product_cat?post=5773"},{"taxonomy":"product_tag","embeddable":true,"href":"https:\/\/faberpet.ro\/stage\/wp-json\/wp\/v2\/product_tag?post=5773"}],"curies":[{"name":"wp","href":"https:\/\/api.w.org\/{rel}","templated":true}]}}