{"id":5774,"date":"2024-10-21T20:35:45","date_gmt":"2024-10-21T17:35:45","guid":{"rendered":"https:\/\/faberpet.ro\/stage\/produs\/herba-treat-broncho-ptr-caini-si-pisici-200-ml\/"},"modified":"2025-08-27T08:00:55","modified_gmt":"2025-08-27T06:00:55","slug":"herba-treat-broncho-ptr-caini-si-pisici-200-ml","status":"publish","type":"product","link":"https:\/\/faberpet.ro\/stage\/produs\/herba-treat-broncho-ptr-caini-si-pisici-200-ml\/","title":{"rendered":"Herba-Treat Broncho ptr caini si pisici 200 ml"},"content":{"rendered":"<p>Propriet\u0103\u021bi: &#8211; con\u0163ine extract de plante medicinale care au propriet\u0103\u0163i expectorante, antiinflamatoare, antialergice, antitusive, calm\u00e2nd tusea \u015fi cur\u0103\u0163\u00e2nd c\u0103ile respiratorii, fluidific\u00e2nd secre\u021biile bron\u0219ice, mucusul, \u00een faringite, \u00een bron\u0219ite acute \u0219i cronice, \u00een traheo- bron\u0219ite acute \u0219i astm bron\u0219ic;- se recomand\u0103 folosirea la c\u00e2ini \u0219i pisici. Mod de utilizare:Se administreaz\u0103 pe cale oral\u0103, diluat \u00een ap\u0103 de b\u0103ut, timp de 7- 10 zile, \u00een urm\u0103toarele doze: 1- 2 ml\/10 kg. Ingrediente:Plantago (p\u0103tlagin\u0103)\u2022 Primula veris (ciubotica cucului), Pinus sylvestris (muguri pin), Thymus serpyllum (cimbri\u0219or), Origanum vulgare (\u0219ov\u00e2rf), Glyrrhiza glabra (lemn dulce), Tilia europea (tei floare). Precau\u021bii:A nu se l\u0103sa la \u00eendem\u00e2na copiilor. A nu se refolosi flaconul dup\u0103 golire. Prezentare:200 ml<\/p>\n","protected":false},"excerpt":{"rendered":"<p>Propriet\u0103\u021bi: &#8211; con\u0163ine extract de plante medicinale care au propriet\u0103\u0163i expectorante, antiinflamatoare, antialergice, antitusive, calm\u00e2nd tusea \u015fi cur\u0103\u0163\u00e2nd c\u0103ile respiratorii, fluidific\u00e2nd secre\u021biile bron\u0219ice, mucusul, \u00een faringite, \u00een bron\u0219ite acute \u0219i cronice, \u00een traheo- bron\u0219ite acute \u0219i astm bron\u0219ic;- se recomand\u0103 folosirea la c\u00e2ini \u0219i pisici. Mod de utilizare:Se administreaz\u0103 pe cale oral\u0103, diluat \u00een ap\u0103 [&hellip;]<\/p>\n","protected":false},"featured_media":10793,"template":"","meta":[],"product_brand":[],"product_cat":[168,169,172,171,185,184],"product_tag":[2664,2665,2666],"class_list":{"0":"post-5774","1":"product","2":"type-product","3":"status-publish","4":"has-post-thumbnail","6":"product_cat-caini","7":"product_cat-ingrijire-caini","8":"product_cat-ingrijire-pisici","9":"product_cat-pisici","10":"product_cat-suplimente-si-vitamine-ingrijire-pisici","11":"product_cat-suplimente-si-vitamine","12":"product_tag-broncho-pentru-caini","13":"product_tag-broncho-pentru-pisici","14":"product_tag-herba-treat-broncho","16":"first","17":"instock","18":"shipping-taxable","19":"purchasable","20":"product-type-simple"},"_links":{"self":[{"href":"https:\/\/faberpet.ro\/stage\/wp-json\/wp\/v2\/product\/5774","targetHints":{"allow":["GET"]}}],"collection":[{"href":"https:\/\/faberpet.ro\/stage\/wp-json\/wp\/v2\/product"}],"about":[{"href":"https:\/\/faberpet.ro\/stage\/wp-json\/wp\/v2\/types\/product"}],"wp:featuredmedia":[{"embeddable":true,"href":"https:\/\/faberpet.ro\/stage\/wp-json\/wp\/v2\/media\/10793"}],"wp:attachment":[{"href":"https:\/\/faberpet.ro\/stage\/wp-json\/wp\/v2\/media?parent=5774"}],"wp:term":[{"taxonomy":"product_brand","embeddable":true,"href":"https:\/\/faberpet.ro\/stage\/wp-json\/wp\/v2\/product_brand?post=5774"},{"taxonomy":"product_cat","embeddable":true,"href":"https:\/\/faberpet.ro\/stage\/wp-json\/wp\/v2\/product_cat?post=5774"},{"taxonomy":"product_tag","embeddable":true,"href":"https:\/\/faberpet.ro\/stage\/wp-json\/wp\/v2\/product_tag?post=5774"}],"curies":[{"name":"wp","href":"https:\/\/api.w.org\/{rel}","templated":true}]}}