{"id":5776,"date":"2024-10-21T20:35:45","date_gmt":"2024-10-21T17:35:45","guid":{"rendered":"https:\/\/faberpet.ro\/stage\/produs\/herba-treat-digest-ptr-caini-si-pisici-200-ml\/"},"modified":"2025-08-27T08:01:15","modified_gmt":"2025-08-27T06:01:15","slug":"herba-treat-digest-ptr-caini-si-pisici-200-ml","status":"publish","type":"product","link":"https:\/\/faberpet.ro\/stage\/produs\/herba-treat-digest-ptr-caini-si-pisici-200-ml\/","title":{"rendered":"Herba-Treat Digest ptr caini si pisici 200 ml"},"content":{"rendered":"<p>Propriet\u0103\u021bi: &#8211; con\u021bine extract de plante medicinale care au propriet\u0103\u0163i stomahice, digestive, stimul\u00e2nd activitatea hepato- biliar\u0103, \u00een dispepsii gastrointestinale, \u00een hipoaciditate gastric\u0103, \u00een meteoriza\u0163ii cronice, \u00een cazul constipa\u0163iei, \u00een afec\u0163iuni hepatice, la animalele sl\u0103bite, convalescente (m\u0103rind digestia \u015fi pofta de m\u00e2ncare);- se recomand\u0103 folosirea la c\u00e2ini \u0219i pisici. Mod de utilizare:Se administreaz\u0103 pe cale oral\u0103, diluat \u00een ap\u0103 de b\u0103ut, timp de 7- 10 zile, \u00een urm\u0103toarele doze: 1- 2 ml\/10 kg. Ingrediente:Sylibum marianum (armurariu), Cynara scolymus (anghinare), Foeniculum vulgare (fenicul)\u2022 Chelidonium majus (rostopasc\u0103), Acorus calamus (obligean\u0103), Hypericum perforatum (sun\u0103toare), Mentha (ment\u0103), Achillea millefolium (coada \u0219oricelului), Melissa officinalis (roini\u021b\u0103), Hippophae rhamnoides (c\u0103tin\u0103 fructe m\u0103cinate). Precau\u021bii:A nu se l\u0103sa la \u00eendem\u00e2na copiilor. A nu se refolosi flaconul dup\u0103 golire. Prezentare:200 ml<\/p>\n","protected":false},"excerpt":{"rendered":"<p>Propriet\u0103\u021bi: &#8211; con\u021bine extract de plante medicinale care au propriet\u0103\u0163i stomahice, digestive, stimul\u00e2nd activitatea hepato- biliar\u0103, \u00een dispepsii gastrointestinale, \u00een hipoaciditate gastric\u0103, \u00een meteoriza\u0163ii cronice, \u00een cazul constipa\u0163iei, \u00een afec\u0163iuni hepatice, la animalele sl\u0103bite, convalescente (m\u0103rind digestia \u015fi pofta de m\u00e2ncare);- se recomand\u0103 folosirea la c\u00e2ini \u0219i pisici. Mod de utilizare:Se administreaz\u0103 pe cale oral\u0103, [&hellip;]<\/p>\n","protected":false},"featured_media":10795,"template":"","meta":[],"product_brand":[],"product_cat":[168,169,172,171,185,184],"product_tag":[2655,2656,2657],"class_list":{"0":"post-5776","1":"product","2":"type-product","3":"status-publish","4":"has-post-thumbnail","6":"product_cat-caini","7":"product_cat-ingrijire-caini","8":"product_cat-ingrijire-pisici","9":"product_cat-pisici","10":"product_cat-suplimente-si-vitamine-ingrijire-pisici","11":"product_cat-suplimente-si-vitamine","12":"product_tag-digest-pentru-caini","13":"product_tag-digest-pentru-pisici","14":"product_tag-herba-treat-digest","16":"first","17":"instock","18":"shipping-taxable","19":"purchasable","20":"product-type-simple"},"_links":{"self":[{"href":"https:\/\/faberpet.ro\/stage\/wp-json\/wp\/v2\/product\/5776","targetHints":{"allow":["GET"]}}],"collection":[{"href":"https:\/\/faberpet.ro\/stage\/wp-json\/wp\/v2\/product"}],"about":[{"href":"https:\/\/faberpet.ro\/stage\/wp-json\/wp\/v2\/types\/product"}],"wp:featuredmedia":[{"embeddable":true,"href":"https:\/\/faberpet.ro\/stage\/wp-json\/wp\/v2\/media\/10795"}],"wp:attachment":[{"href":"https:\/\/faberpet.ro\/stage\/wp-json\/wp\/v2\/media?parent=5776"}],"wp:term":[{"taxonomy":"product_brand","embeddable":true,"href":"https:\/\/faberpet.ro\/stage\/wp-json\/wp\/v2\/product_brand?post=5776"},{"taxonomy":"product_cat","embeddable":true,"href":"https:\/\/faberpet.ro\/stage\/wp-json\/wp\/v2\/product_cat?post=5776"},{"taxonomy":"product_tag","embeddable":true,"href":"https:\/\/faberpet.ro\/stage\/wp-json\/wp\/v2\/product_tag?post=5776"}],"curies":[{"name":"wp","href":"https:\/\/api.w.org\/{rel}","templated":true}]}}