{"id":5779,"date":"2024-10-21T20:35:46","date_gmt":"2024-10-21T17:35:46","guid":{"rendered":"https:\/\/faberpet.ro\/stage\/produs\/tablete-herba-treat-antistres-ptr-caini-si-pisici-701-g\/"},"modified":"2025-08-27T08:01:57","modified_gmt":"2025-08-27T06:01:57","slug":"tablete-herba-treat-antistres-ptr-caini-si-pisici-701-g","status":"publish","type":"product","link":"https:\/\/faberpet.ro\/stage\/produs\/tablete-herba-treat-antistres-ptr-caini-si-pisici-701-g\/","title":{"rendered":"Tablete Herba-Treat Antistres ptr caini si pisici 70*1 g"},"content":{"rendered":"<p>Propriet\u0103\u021bi: Tinctura sus\u021bine sistemul nervos \u0219i func\u021bia psihic\u0103 contribuind la gestionarea situa\u021biilor \u0219tresante. Cre\u0219te capacitatea de adaptare la condi\u021biile schimb\u0103toare de mediu, sus\u021bine buna dispozi\u021bia, \u00eembun\u0103t\u0103\u021bind calitatea somnului. Ajut\u0103 animalul s\u0103 se relaxeze \u0219i s\u0103 r\u0103m\u00e2ne calm \u00een situa\u021bii \u0219tresante, favoriz\u00e2nd recuperarea corpului dup\u0103 perioda \u0219tresante. Reduce nivelul radicalilor liberi \u0219i a altor factori de \u0219tres care pot produce inflama\u021bii \u00een organisme. Mod de utilizare:Se administreaz\u0103 pe cale oral\u0103, ca atare sau amestecat \u00een hran\u0103 \u00eenainte de mas\u0103, \u00een urm\u0103toarele doze: 0- 8 kg \u2013 1 tbl. ; 9- 20 kg \u2013 2 tbl. ; 20- 30 kg \u2013 3 tbl. ; peste 30 kg \u2013 4- 5 tbl. de 2- 3 ori\/zi. O cur\u0103 \u021bine 1- 3 luni \u00een func\u021bie de evolu\u021bia bolii \u0219i de starea animalului. Ingrediente:Radix valerianae (r\u0103d\u0103cin\u0103 de valerian\u0103), Melissa officinalis (roini\u021b\u0103), Salvia officinalis (salvie), Hypericum perforatum (sun\u0103toare), Humulus lupus (hamei), Acorus calamus (obligean\u0103), Viscum album (v\u00e2sc), Primula veris (ciubu\u021bica cucului). Precau\u021bii:A nu se l\u0103sa la \u00eendem\u00e2na copiilor! A nu se refolosi flaconul dup\u0103 golire! Nu se recomand\u0103 administrarea dac\u0103 animalul este alergic la unul dintre componente! Prezentare:70*1 g<\/p>\n","protected":false},"excerpt":{"rendered":"<p>Propriet\u0103\u021bi: Tinctura sus\u021bine sistemul nervos \u0219i func\u021bia psihic\u0103 contribuind la gestionarea situa\u021biilor \u0219tresante. Cre\u0219te capacitatea de adaptare la condi\u021biile schimb\u0103toare de mediu, sus\u021bine buna dispozi\u021bia, \u00eembun\u0103t\u0103\u021bind calitatea somnului. Ajut\u0103 animalul s\u0103 se relaxeze \u0219i s\u0103 r\u0103m\u00e2ne calm \u00een situa\u021bii \u0219tresante, favoriz\u00e2nd recuperarea corpului dup\u0103 perioda \u0219tresante. Reduce nivelul radicalilor liberi \u0219i a altor factori de [&hellip;]<\/p>\n","protected":false},"featured_media":10798,"template":"","meta":[],"product_brand":[],"product_cat":[168,169,172,171,185,184],"product_tag":[2652,2653,2654],"class_list":{"0":"post-5779","1":"product","2":"type-product","3":"status-publish","4":"has-post-thumbnail","6":"product_cat-caini","7":"product_cat-ingrijire-caini","8":"product_cat-ingrijire-pisici","9":"product_cat-pisici","10":"product_cat-suplimente-si-vitamine-ingrijire-pisici","11":"product_cat-suplimente-si-vitamine","12":"product_tag-antistres-pentru-caini","13":"product_tag-antistres-pentru-pisici","14":"product_tag-herba-treat-antistres","16":"first","17":"instock","18":"shipping-taxable","19":"purchasable","20":"product-type-simple"},"_links":{"self":[{"href":"https:\/\/faberpet.ro\/stage\/wp-json\/wp\/v2\/product\/5779","targetHints":{"allow":["GET"]}}],"collection":[{"href":"https:\/\/faberpet.ro\/stage\/wp-json\/wp\/v2\/product"}],"about":[{"href":"https:\/\/faberpet.ro\/stage\/wp-json\/wp\/v2\/types\/product"}],"wp:featuredmedia":[{"embeddable":true,"href":"https:\/\/faberpet.ro\/stage\/wp-json\/wp\/v2\/media\/10798"}],"wp:attachment":[{"href":"https:\/\/faberpet.ro\/stage\/wp-json\/wp\/v2\/media?parent=5779"}],"wp:term":[{"taxonomy":"product_brand","embeddable":true,"href":"https:\/\/faberpet.ro\/stage\/wp-json\/wp\/v2\/product_brand?post=5779"},{"taxonomy":"product_cat","embeddable":true,"href":"https:\/\/faberpet.ro\/stage\/wp-json\/wp\/v2\/product_cat?post=5779"},{"taxonomy":"product_tag","embeddable":true,"href":"https:\/\/faberpet.ro\/stage\/wp-json\/wp\/v2\/product_tag?post=5779"}],"curies":[{"name":"wp","href":"https:\/\/api.w.org\/{rel}","templated":true}]}}