{"id":5781,"date":"2024-10-21T20:35:46","date_gmt":"2024-10-21T17:35:46","guid":{"rendered":"https:\/\/faberpet.ro\/stage\/produs\/tablete-herba-treat-imuno-ptr-caini-si-pisici-701-g\/"},"modified":"2025-08-27T08:02:12","modified_gmt":"2025-08-27T06:02:12","slug":"tablete-herba-treat-imuno-ptr-caini-si-pisici-701-g","status":"publish","type":"product","link":"https:\/\/faberpet.ro\/stage\/produs\/tablete-herba-treat-imuno-ptr-caini-si-pisici-701-g\/","title":{"rendered":"Tablete Herba-Treat Imuno ptr caini si pisici 70*1 g"},"content":{"rendered":"<p>Propriet\u0103\u021bi: Con\u0163ine extract de plante medicinale care au propriet\u0103\u0163i \u00een \u00eent\u0103rirea sistemului imunitar, imunostimulatoare, cresc\u00e2nd imunitatea nespecific\u0103 a organismului, stimul\u00e2nd activitatea hepatobiliar\u0103, depurativ\u0103, \u00een cre\u015fterea rezisten\u0163ei organismului fa\u0163\u0103 de diferite afec\u0163iuni bacteriene, virale, micotice sau parazitare, scurt\u00e2nd convalescen\u0163a. Se recomand\u0103 folosirea la c\u00e2ini \u0219i pisici. Mod de utilizare:Se administreaz\u0103 pe cale oral\u0103, ca atare sau amestecat \u00een hran\u0103 \u00eenainte de mas\u0103, \u00een urm\u0103toarele doze: 0- 8 kg \u2013 1 tbl. ; 9- 20 kg \u2013 2 tbl. ; 20- 30 kg \u2013 3 tbl. ;peste 30 kg \u2013 4- 5 tbl. de 2- 3 ori\/zi. O cur\u0103 \u021bine 1- 3 luni \u00een func\u021bie de evolu\u021bia bolii \u0219i de starea animalului. Ingrediente:Lamium (urzic\u0103 moart\u0103 alb\u0103) \u2022 Echinaceea (echinacea) \u2022 Calendula officinalis (g\u0103lbenele) \u2022 Achillea millefolium (coada \u0219oricelului) \u2022 Solidago virgaurea (splinu\u021b\u0103) \u2022 Eupatoria cannabium (c\u00e2nepa codrului) \u2022 Hippophae rhamnoides (c\u0103tin\u0103 fructe m\u0103cinate) \u2022 Artemisia annua (pelini\u021b\u0103) \u2022 Allium sativum (usturoi). Excipiente: stearat de magnesiu, fain\u0103 de carne, ludipress, gum\u0103 arabicum, dextroz\u0103. Precau\u021bii:A nu se l\u0103sa la \u00eendem\u00e2na copiilor! A nu se refolosi flaconul dup\u0103 golire! Nu se recomand\u0103 administrarea dac\u0103 animalul este alergic la unul dintre componente! Prezentare:70*1 g<\/p>\n","protected":false},"excerpt":{"rendered":"<p>Propriet\u0103\u021bi: Con\u0163ine extract de plante medicinale care au propriet\u0103\u0163i \u00een \u00eent\u0103rirea sistemului imunitar, imunostimulatoare, cresc\u00e2nd imunitatea nespecific\u0103 a organismului, stimul\u00e2nd activitatea hepatobiliar\u0103, depurativ\u0103, \u00een cre\u015fterea rezisten\u0163ei organismului fa\u0163\u0103 de diferite afec\u0163iuni bacteriene, virale, micotice sau parazitare, scurt\u00e2nd convalescen\u0163a. Se recomand\u0103 folosirea la c\u00e2ini \u0219i pisici. Mod de utilizare:Se administreaz\u0103 pe cale oral\u0103, ca atare sau [&hellip;]<\/p>\n","protected":false},"featured_media":10800,"template":"","meta":[],"product_brand":[],"product_cat":[168,169,172,171,185,184],"product_tag":[2660,2670,2671],"class_list":{"0":"post-5781","1":"product","2":"type-product","3":"status-publish","4":"has-post-thumbnail","6":"product_cat-caini","7":"product_cat-ingrijire-caini","8":"product_cat-ingrijire-pisici","9":"product_cat-pisici","10":"product_cat-suplimente-si-vitamine-ingrijire-pisici","11":"product_cat-suplimente-si-vitamine","12":"product_tag-herba-treat-imuno","13":"product_tag-infectii-pentru-caini","14":"product_tag-infectii-pentru-pisici","16":"first","17":"instock","18":"shipping-taxable","19":"purchasable","20":"product-type-simple"},"_links":{"self":[{"href":"https:\/\/faberpet.ro\/stage\/wp-json\/wp\/v2\/product\/5781","targetHints":{"allow":["GET"]}}],"collection":[{"href":"https:\/\/faberpet.ro\/stage\/wp-json\/wp\/v2\/product"}],"about":[{"href":"https:\/\/faberpet.ro\/stage\/wp-json\/wp\/v2\/types\/product"}],"wp:featuredmedia":[{"embeddable":true,"href":"https:\/\/faberpet.ro\/stage\/wp-json\/wp\/v2\/media\/10800"}],"wp:attachment":[{"href":"https:\/\/faberpet.ro\/stage\/wp-json\/wp\/v2\/media?parent=5781"}],"wp:term":[{"taxonomy":"product_brand","embeddable":true,"href":"https:\/\/faberpet.ro\/stage\/wp-json\/wp\/v2\/product_brand?post=5781"},{"taxonomy":"product_cat","embeddable":true,"href":"https:\/\/faberpet.ro\/stage\/wp-json\/wp\/v2\/product_cat?post=5781"},{"taxonomy":"product_tag","embeddable":true,"href":"https:\/\/faberpet.ro\/stage\/wp-json\/wp\/v2\/product_tag?post=5781"}],"curies":[{"name":"wp","href":"https:\/\/api.w.org\/{rel}","templated":true}]}}