{"id":5784,"date":"2024-10-21T20:35:47","date_gmt":"2024-10-21T17:35:47","guid":{"rendered":"https:\/\/faberpet.ro\/stage\/produs\/tablete-herba-treat-renal-ptr-caini-si-pisici-701-g\/"},"modified":"2025-08-27T08:02:37","modified_gmt":"2025-08-27T06:02:37","slug":"tablete-herba-treat-renal-ptr-caini-si-pisici-701-g","status":"publish","type":"product","link":"https:\/\/faberpet.ro\/stage\/produs\/tablete-herba-treat-renal-ptr-caini-si-pisici-701-g\/","title":{"rendered":"Tablete Herba-Treat Renal ptr caini si pisici 70*1 g"},"content":{"rendered":"<p>Propriet\u0103\u021bi: Remediu pentru tratarea reten\u021biei de lichide, cu propriet\u0103\u021bi diuretice \u0219i antiinflamatoare. Ajut\u0103 la tratarea pietrelor la rinichi \u0219i a infec\u021biilor urinare. Antiseptic natural cu propriet\u0103\u021bi detoxifiante, depurative. Cre\u0219te eliminarea acidului uric prin urin\u0103. Favorizeaz\u0103 eliminarea toxinelor din organism \u0219i limiteaz\u0103 dezvoltarea agen\u021biilor patogeni \u0219i inflama\u021bia \u00een interiorul aparatului urinar. Mod de utilizare:Se administreaz\u0103 pe cale oral\u0103, ca atare sau amestecat \u00een hran\u0103 \u00eenainte de mas\u0103, \u00een urm\u0103toarele doze: 0- 8 kg \u2013 1 tbl. ; 9- 20 kg \u2013 2 tbl. ; 20- 30 kg \u2013 3 tbl. ;peste 30 kg \u2013 4- 5 tbl. de 2- 3 ori\/zi. O cur\u0103 \u021bine 1- 3 luni \u00een func\u021bie de evolu\u021bia bolii \u0219i de starea animalului. Ingrediente:Solidago virgaurea (splinu\u021b\u0103); Equisetum arvense (coada calului), Urtica dioica (urzic\u0103, Foeniculum vulgare (fenicul), Arctium lappa (bru\u0219ture), Agrimonia eupatoria (turi\u021b\u0103 mare), Juniperus communis (ienup\u0103r), Juglans regia (nuc frunze), Ononis spinosa L. (osul iepurelui) excipiente: stearat de magnesiu, fain\u0103 de carne, ludipress, gum\u0103 arabicum, dextroz\u0103. Precau\u021bii:A nu se l\u0103sa la \u00eendem\u00e2na copiilor! A nu se refolosi flaconul dup\u0103 golire! Nu se recomand\u0103 administrarea dac\u0103 animalul este alergic la unul dintre componente! Prezentare:70*1 g<\/p>\n","protected":false},"excerpt":{"rendered":"<p>Propriet\u0103\u021bi: Remediu pentru tratarea reten\u021biei de lichide, cu propriet\u0103\u021bi diuretice \u0219i antiinflamatoare. Ajut\u0103 la tratarea pietrelor la rinichi \u0219i a infec\u021biilor urinare. Antiseptic natural cu propriet\u0103\u021bi detoxifiante, depurative. Cre\u0219te eliminarea acidului uric prin urin\u0103. Favorizeaz\u0103 eliminarea toxinelor din organism \u0219i limiteaz\u0103 dezvoltarea agen\u021biilor patogeni \u0219i inflama\u021bia \u00een interiorul aparatului urinar. Mod de utilizare:Se administreaz\u0103 pe [&hellip;]<\/p>\n","protected":false},"featured_media":10803,"template":"","meta":[],"product_brand":[],"product_cat":[168,169,172,171,184,185],"product_tag":[2669,2670,2671],"class_list":{"0":"post-5784","1":"product","2":"type-product","3":"status-publish","4":"has-post-thumbnail","6":"product_cat-caini","7":"product_cat-ingrijire-caini","8":"product_cat-ingrijire-pisici","9":"product_cat-pisici","10":"product_cat-suplimente-si-vitamine","11":"product_cat-suplimente-si-vitamine-ingrijire-pisici","12":"product_tag-herba-treat-renal","13":"product_tag-infectii-pentru-caini","14":"product_tag-infectii-pentru-pisici","16":"first","17":"instock","18":"shipping-taxable","19":"purchasable","20":"product-type-simple"},"_links":{"self":[{"href":"https:\/\/faberpet.ro\/stage\/wp-json\/wp\/v2\/product\/5784","targetHints":{"allow":["GET"]}}],"collection":[{"href":"https:\/\/faberpet.ro\/stage\/wp-json\/wp\/v2\/product"}],"about":[{"href":"https:\/\/faberpet.ro\/stage\/wp-json\/wp\/v2\/types\/product"}],"wp:featuredmedia":[{"embeddable":true,"href":"https:\/\/faberpet.ro\/stage\/wp-json\/wp\/v2\/media\/10803"}],"wp:attachment":[{"href":"https:\/\/faberpet.ro\/stage\/wp-json\/wp\/v2\/media?parent=5784"}],"wp:term":[{"taxonomy":"product_brand","embeddable":true,"href":"https:\/\/faberpet.ro\/stage\/wp-json\/wp\/v2\/product_brand?post=5784"},{"taxonomy":"product_cat","embeddable":true,"href":"https:\/\/faberpet.ro\/stage\/wp-json\/wp\/v2\/product_cat?post=5784"},{"taxonomy":"product_tag","embeddable":true,"href":"https:\/\/faberpet.ro\/stage\/wp-json\/wp\/v2\/product_tag?post=5784"}],"curies":[{"name":"wp","href":"https:\/\/api.w.org\/{rel}","templated":true}]}}