{"id":5785,"date":"2024-10-21T20:35:47","date_gmt":"2024-10-21T17:35:47","guid":{"rendered":"https:\/\/faberpet.ro\/stage\/produs\/tablete-herba-treat-digest-ptr-caini-si-pisici-701-g\/"},"modified":"2025-08-27T08:02:44","modified_gmt":"2025-08-27T06:02:44","slug":"tablete-herba-treat-digest-ptr-caini-si-pisici-701-g","status":"publish","type":"product","link":"https:\/\/faberpet.ro\/stage\/produs\/tablete-herba-treat-digest-ptr-caini-si-pisici-701-g\/","title":{"rendered":"Tablete Herba-Treat Digest ptr caini si pisici 70*1 g"},"content":{"rendered":"<p>Propriet\u0103\u021bi: Con\u021bine extract de plante medicinale care au propriet\u0103\u0163i stomahice, digestive, stimul\u00e2nd activitatea hepato- biliar\u0103, \u00een dispepsii gastrointestinale, \u00een hipoaciditate gastric\u0103, \u00een meteoriza\u0163ii cronice, \u00een cazul constipa\u0163iei, \u00een afec\u0163iuni hepatice, la animalele sl\u0103bite, convalescente (m\u0103rind digestia \u015fi pofta de m\u00e2ncare). Se recomand\u0103 folosirea la c\u00e2ini \u0219i pisici . Mod de utilizare:Se administreaz\u0103 pe cale oral\u0103, ca atare sau amestecat \u00een hran\u0103 \u00eenainte de mas\u0103, \u00een urm\u0103toarele doze: 0- 8 kg \u2013 1 tbl. ; 9- 20 kg \u2013 2 tbl. ; 20- 30 kg \u2013 3 tbl. ; peste 30 kg \u2013 4- 5 tbl. de 2- 3 ori\/zi. O cur\u0103 \u021bine 1- 3 luni \u00een func\u021bie de evolu\u021bia bolii \u0219i de starea animalului. Ingrediente:Sylibum marianum (armurariu)\u2022 Cynara scolymus (anghinare)\u2022 Foeniculum vulgare (fenicul)\u2022 Chelidonium majus (rostopasc\u0103)\u2022 Acorus calamus (obligean\u0103)\u2022 Hypericum perforatum (sun\u0103toare)\u2022 Mentha (ment\u0103)\u2022 Achillea millefolium (coada \u0219oricelului)\u2022 Melissa officinalis (roini\u021b\u0103)\u2022 Hippophae rhamnoides (c\u0103tin\u0103 fructe m\u0103cinate). Excipiente: stearat de magnesiu, fain\u0103 de carne, ludipress, gum\u0103 arabicum, dextroz\u0103. Precau\u021bii:A nu se l\u0103sa la \u00eendem\u00e2na copiilor! A nu se refolosi flaconul dup\u0103 golire! Nu se recomand\u0103 administrarea dac\u0103 animalul este alergic la unul dintre componente! Prezentare:70*1 g<\/p>\n","protected":false},"excerpt":{"rendered":"<p>Propriet\u0103\u021bi: Con\u021bine extract de plante medicinale care au propriet\u0103\u0163i stomahice, digestive, stimul\u00e2nd activitatea hepato- biliar\u0103, \u00een dispepsii gastrointestinale, \u00een hipoaciditate gastric\u0103, \u00een meteoriza\u0163ii cronice, \u00een cazul constipa\u0163iei, \u00een afec\u0163iuni hepatice, la animalele sl\u0103bite, convalescente (m\u0103rind digestia \u015fi pofta de m\u00e2ncare). Se recomand\u0103 folosirea la c\u00e2ini \u0219i pisici . Mod de utilizare:Se administreaz\u0103 pe cale oral\u0103, [&hellip;]<\/p>\n","protected":false},"featured_media":10804,"template":"","meta":[],"product_brand":[],"product_cat":[168,169,172,171,184,185],"product_tag":[2657,2670,2671],"class_list":{"0":"post-5785","1":"product","2":"type-product","3":"status-publish","4":"has-post-thumbnail","6":"product_cat-caini","7":"product_cat-ingrijire-caini","8":"product_cat-ingrijire-pisici","9":"product_cat-pisici","10":"product_cat-suplimente-si-vitamine","11":"product_cat-suplimente-si-vitamine-ingrijire-pisici","12":"product_tag-herba-treat-digest","13":"product_tag-infectii-pentru-caini","14":"product_tag-infectii-pentru-pisici","16":"first","17":"instock","18":"shipping-taxable","19":"purchasable","20":"product-type-simple"},"_links":{"self":[{"href":"https:\/\/faberpet.ro\/stage\/wp-json\/wp\/v2\/product\/5785","targetHints":{"allow":["GET"]}}],"collection":[{"href":"https:\/\/faberpet.ro\/stage\/wp-json\/wp\/v2\/product"}],"about":[{"href":"https:\/\/faberpet.ro\/stage\/wp-json\/wp\/v2\/types\/product"}],"wp:featuredmedia":[{"embeddable":true,"href":"https:\/\/faberpet.ro\/stage\/wp-json\/wp\/v2\/media\/10804"}],"wp:attachment":[{"href":"https:\/\/faberpet.ro\/stage\/wp-json\/wp\/v2\/media?parent=5785"}],"wp:term":[{"taxonomy":"product_brand","embeddable":true,"href":"https:\/\/faberpet.ro\/stage\/wp-json\/wp\/v2\/product_brand?post=5785"},{"taxonomy":"product_cat","embeddable":true,"href":"https:\/\/faberpet.ro\/stage\/wp-json\/wp\/v2\/product_cat?post=5785"},{"taxonomy":"product_tag","embeddable":true,"href":"https:\/\/faberpet.ro\/stage\/wp-json\/wp\/v2\/product_tag?post=5785"}],"curies":[{"name":"wp","href":"https:\/\/api.w.org\/{rel}","templated":true}]}}